{"id":177,"date":"2021-08-02T09:47:07","date_gmt":"2021-08-02T07:47:07","guid":{"rendered":"https:\/\/pses.org.pl\/?page_id=177"},"modified":"2021-08-24T12:50:59","modified_gmt":"2021-08-24T10:50:59","slug":"home","status":"publish","type":"page","link":"http:\/\/pses.org.pl\/en\/","title":{"rendered":"Home"},"content":{"rendered":"","protected":false},"excerpt":{"rendered":"","protected":false},"author":1,"featured_media":0,"parent":0,"menu_order":0,"comment_status":"closed","ping_status":"closed","template":"template-home.blade.php","meta":[],"yoast_head":"<!-- This site is optimized with the Yoast SEO plugin v17.0 - https:\/\/yoast.com\/wordpress\/plugins\/seo\/ -->\n<title>Home - Polskie Stowarzyszenie Energetyki S\u0142onecznej<\/title>\n<meta name=\"robots\" content=\"index, follow, max-snippet:-1, max-image-preview:large, max-video-preview:-1\" \/>\n<link rel=\"canonical\" href=\"http:\/\/pses.org.pl\/en\/\" \/>\n<meta property=\"og:locale\" content=\"en_US\" \/>\n<meta property=\"og:type\" content=\"article\" \/>\n<meta property=\"og:title\" content=\"Home - Polskie Stowarzyszenie Energetyki S\u0142onecznej\" \/>\n<meta property=\"og:url\" content=\"http:\/\/pses.org.pl\/en\/\" \/>\n<meta property=\"og:site_name\" content=\"Polskie Stowarzyszenie Energetyki S\u0142onecznej\" \/>\n<meta property=\"article:modified_time\" content=\"2021-08-24T10:50:59+00:00\" \/>\n<meta name=\"twitter:card\" content=\"summary_large_image\" \/>\n<script type=\"application\/ld+json\" class=\"yoast-schema-graph\">{\"@context\":\"https:\/\/schema.org\",\"@graph\":[{\"@type\":\"WebSite\",\"@id\":\"https:\/\/pses.org.pl\/#website\",\"url\":\"https:\/\/pses.org.pl\/\",\"name\":\"Polskie Stowarzyszenie Energetyki S\\u0142onecznej\",\"description\":\"Nasz\\u0105 misj\\u0105 jest edukacja i promocja na rzecz rozwoju fotowoltaiki w Polsce\",\"potentialAction\":[{\"@type\":\"SearchAction\",\"target\":{\"@type\":\"EntryPoint\",\"urlTemplate\":\"https:\/\/pses.org.pl\/?s={search_term_string}\"},\"query-input\":\"required name=search_term_string\"}],\"inLanguage\":\"en-US\"},{\"@type\":\"WebPage\",\"@id\":\"http:\/\/pses.org.pl\/en\/#webpage\",\"url\":\"http:\/\/pses.org.pl\/en\/\",\"name\":\"Home - Polskie Stowarzyszenie Energetyki S\\u0142onecznej\",\"isPartOf\":{\"@id\":\"https:\/\/pses.org.pl\/#website\"},\"datePublished\":\"2021-08-02T07:47:07+00:00\",\"dateModified\":\"2021-08-24T10:50:59+00:00\",\"breadcrumb\":{\"@id\":\"http:\/\/pses.org.pl\/en\/#breadcrumb\"},\"inLanguage\":\"en-US\",\"potentialAction\":[{\"@type\":\"ReadAction\",\"target\":[\"http:\/\/pses.org.pl\/en\/\"]}]},{\"@type\":\"BreadcrumbList\",\"@id\":\"http:\/\/pses.org.pl\/en\/#breadcrumb\",\"itemListElement\":[{\"@type\":\"ListItem\",\"position\":1,\"name\":\"Strona g\\u0142\\u00f3wna\",\"item\":\"http:\/\/pses.org.pl\/en\/\"},{\"@type\":\"ListItem\",\"position\":2,\"name\":\"Home\"}]}]}<\/script>\n<!-- \/ Yoast SEO plugin. -->","yoast_head_json":{"title":"Home - Polskie Stowarzyszenie Energetyki S\u0142onecznej","robots":{"index":"index","follow":"follow","max-snippet":"max-snippet:-1","max-image-preview":"max-image-preview:large","max-video-preview":"max-video-preview:-1"},"canonical":"http:\/\/pses.org.pl\/en\/","og_locale":"en_US","og_type":"article","og_title":"Home - Polskie Stowarzyszenie Energetyki S\u0142onecznej","og_url":"http:\/\/pses.org.pl\/en\/","og_site_name":"Polskie Stowarzyszenie Energetyki S\u0142onecznej","article_modified_time":"2021-08-24T10:50:59+00:00","twitter_card":"summary_large_image","schema":{"@context":"https:\/\/schema.org","@graph":[{"@type":"WebSite","@id":"https:\/\/pses.org.pl\/#website","url":"https:\/\/pses.org.pl\/","name":"Polskie Stowarzyszenie Energetyki S\u0142onecznej","description":"Nasz\u0105 misj\u0105 jest edukacja i promocja na rzecz rozwoju fotowoltaiki w Polsce","potentialAction":[{"@type":"SearchAction","target":{"@type":"EntryPoint","urlTemplate":"https:\/\/pses.org.pl\/?s={search_term_string}"},"query-input":"required name=search_term_string"}],"inLanguage":"en-US"},{"@type":"WebPage","@id":"http:\/\/pses.org.pl\/en\/#webpage","url":"http:\/\/pses.org.pl\/en\/","name":"Home - Polskie Stowarzyszenie Energetyki S\u0142onecznej","isPartOf":{"@id":"https:\/\/pses.org.pl\/#website"},"datePublished":"2021-08-02T07:47:07+00:00","dateModified":"2021-08-24T10:50:59+00:00","breadcrumb":{"@id":"http:\/\/pses.org.pl\/en\/#breadcrumb"},"inLanguage":"en-US","potentialAction":[{"@type":"ReadAction","target":["http:\/\/pses.org.pl\/en\/"]}]},{"@type":"BreadcrumbList","@id":"http:\/\/pses.org.pl\/en\/#breadcrumb","itemListElement":[{"@type":"ListItem","position":1,"name":"Strona g\u0142\u00f3wna","item":"http:\/\/pses.org.pl\/en\/"},{"@type":"ListItem","position":2,"name":"Home"}]}]}},"_links":{"self":[{"href":"http:\/\/pses.org.pl\/en\/wp-json\/wp\/v2\/pages\/177"}],"collection":[{"href":"http:\/\/pses.org.pl\/en\/wp-json\/wp\/v2\/pages"}],"about":[{"href":"http:\/\/pses.org.pl\/en\/wp-json\/wp\/v2\/types\/page"}],"author":[{"embeddable":true,"href":"http:\/\/pses.org.pl\/en\/wp-json\/wp\/v2\/users\/1"}],"replies":[{"embeddable":true,"href":"http:\/\/pses.org.pl\/en\/wp-json\/wp\/v2\/comments?post=177"}],"version-history":[{"count":5,"href":"http:\/\/pses.org.pl\/en\/wp-json\/wp\/v2\/pages\/177\/revisions"}],"predecessor-version":[{"id":430,"href":"http:\/\/pses.org.pl\/en\/wp-json\/wp\/v2\/pages\/177\/revisions\/430"}],"wp:attachment":[{"href":"http:\/\/pses.org.pl\/en\/wp-json\/wp\/v2\/media?parent=177"}],"curies":[{"name":"wp","href":"https:\/\/api.w.org\/{rel}","templated":true}]}}