{"id":175,"date":"2021-08-02T09:46:52","date_gmt":"2021-08-02T07:46:52","guid":{"rendered":"https:\/\/pses.org.pl\/?page_id=175"},"modified":"2021-08-06T11:19:18","modified_gmt":"2021-08-06T09:19:18","slug":"about-us","status":"publish","type":"page","link":"https:\/\/pses.org.pl\/en\/about-us\/","title":{"rendered":"About us"},"content":{"rendered":"<p>Polish Association of Solar Energy<span class=\"Apple-converted-space\">\u00a0 <\/span>(originally: Polskie Stowarzyszenie Energetyki S\u0142onecznej, in a nutshell: PSES) was founded in 2015. The idea was born out of the undeniable need of education in the field of solar energy and promoting the benefits it brings to the polish economy and to the individual business consumers.<\/p>\n<p>We are an organization which unites people having a business in renewable energy sector with a special emphasis on scientific, production, services, construction and trading activities related to photovoltaics.<\/p>\n<p>We closely cooperate with institutions which specialize in solar energy, universities and other scientific agencies which support and contribute to photovoltaics development in Poland.<\/p>\n<p>Currently, the Association has over a hundred members representing companies and organizations operating in the photovoltaic in Poland , which together employ several thousand people<\/p>\n<p><strong>Files to download (Polish)<\/strong><\/p>\n","protected":false},"excerpt":{"rendered":"<p>Polish Association of Solar Energy\u00a0 (originally: Polskie Stowarzyszenie Energetyki S\u0142onecznej, in a nutshell: PSES) was founded in 2015. The idea was born out of the undeniable need of education in the field of solar energy and promoting the benefits it brings to the polish economy and to the individual business consumers. We are an organization &hellip; <a href=\"https:\/\/pses.org.pl\/en\/about-us\/\">Continued<\/a><\/p>\n","protected":false},"author":1,"featured_media":0,"parent":0,"menu_order":0,"comment_status":"closed","ping_status":"closed","template":"page-o-nas.blade.php","meta":[],"yoast_head":"<!-- This site is optimized with the Yoast SEO plugin v17.0 - https:\/\/yoast.com\/wordpress\/plugins\/seo\/ -->\n<title>About us - Polskie Stowarzyszenie Energetyki S\u0142onecznej<\/title>\n<meta name=\"robots\" content=\"index, follow, max-snippet:-1, max-image-preview:large, max-video-preview:-1\" \/>\n<link rel=\"canonical\" href=\"https:\/\/pses.org.pl\/en\/about-us\/\" \/>\n<meta property=\"og:locale\" content=\"en_US\" \/>\n<meta property=\"og:type\" content=\"article\" \/>\n<meta property=\"og:title\" content=\"About us - Polskie Stowarzyszenie Energetyki S\u0142onecznej\" \/>\n<meta property=\"og:description\" content=\"Polish Association of Solar Energy\u00a0 (originally: Polskie Stowarzyszenie Energetyki S\u0142onecznej, in a nutshell: PSES) was founded in 2015. The idea was born out of the undeniable need of education in the field of solar energy and promoting the benefits it brings to the polish economy and to the individual business consumers. We are an organization &hellip; Continued\" \/>\n<meta property=\"og:url\" content=\"https:\/\/pses.org.pl\/en\/about-us\/\" \/>\n<meta property=\"og:site_name\" content=\"Polskie Stowarzyszenie Energetyki S\u0142onecznej\" \/>\n<meta property=\"article:modified_time\" content=\"2021-08-06T09:19:18+00:00\" \/>\n<meta name=\"twitter:card\" content=\"summary_large_image\" \/>\n<meta name=\"twitter:label1\" content=\"Est. reading time\" \/>\n\t<meta name=\"twitter:data1\" content=\"1 minute\" \/>\n<script type=\"application\/ld+json\" class=\"yoast-schema-graph\">{\"@context\":\"https:\/\/schema.org\",\"@graph\":[{\"@type\":\"WebSite\",\"@id\":\"https:\/\/pses.org.pl\/#website\",\"url\":\"https:\/\/pses.org.pl\/\",\"name\":\"Polskie Stowarzyszenie Energetyki S\\u0142onecznej\",\"description\":\"Nasz\\u0105 misj\\u0105 jest edukacja i promocja na rzecz rozwoju fotowoltaiki w Polsce\",\"potentialAction\":[{\"@type\":\"SearchAction\",\"target\":{\"@type\":\"EntryPoint\",\"urlTemplate\":\"https:\/\/pses.org.pl\/?s={search_term_string}\"},\"query-input\":\"required name=search_term_string\"}],\"inLanguage\":\"en-US\"},{\"@type\":\"WebPage\",\"@id\":\"https:\/\/pses.org.pl\/en\/about-us\/#webpage\",\"url\":\"https:\/\/pses.org.pl\/en\/about-us\/\",\"name\":\"About us - Polskie Stowarzyszenie Energetyki S\\u0142onecznej\",\"isPartOf\":{\"@id\":\"https:\/\/pses.org.pl\/#website\"},\"datePublished\":\"2021-08-02T07:46:52+00:00\",\"dateModified\":\"2021-08-06T09:19:18+00:00\",\"breadcrumb\":{\"@id\":\"https:\/\/pses.org.pl\/en\/about-us\/#breadcrumb\"},\"inLanguage\":\"en-US\",\"potentialAction\":[{\"@type\":\"ReadAction\",\"target\":[\"https:\/\/pses.org.pl\/en\/about-us\/\"]}]},{\"@type\":\"BreadcrumbList\",\"@id\":\"https:\/\/pses.org.pl\/en\/about-us\/#breadcrumb\",\"itemListElement\":[{\"@type\":\"ListItem\",\"position\":1,\"name\":\"Strona g\\u0142\\u00f3wna\",\"item\":\"http:\/\/pses.org.pl\/en\/\"},{\"@type\":\"ListItem\",\"position\":2,\"name\":\"About us\"}]}]}<\/script>\n<!-- \/ Yoast SEO plugin. -->","yoast_head_json":{"title":"About us - Polskie Stowarzyszenie Energetyki S\u0142onecznej","robots":{"index":"index","follow":"follow","max-snippet":"max-snippet:-1","max-image-preview":"max-image-preview:large","max-video-preview":"max-video-preview:-1"},"canonical":"https:\/\/pses.org.pl\/en\/about-us\/","og_locale":"en_US","og_type":"article","og_title":"About us - Polskie Stowarzyszenie Energetyki S\u0142onecznej","og_description":"Polish Association of Solar Energy\u00a0 (originally: Polskie Stowarzyszenie Energetyki S\u0142onecznej, in a nutshell: PSES) was founded in 2015. The idea was born out of the undeniable need of education in the field of solar energy and promoting the benefits it brings to the polish economy and to the individual business consumers. We are an organization &hellip; Continued","og_url":"https:\/\/pses.org.pl\/en\/about-us\/","og_site_name":"Polskie Stowarzyszenie Energetyki S\u0142onecznej","article_modified_time":"2021-08-06T09:19:18+00:00","twitter_card":"summary_large_image","twitter_misc":{"Est. reading time":"1 minute"},"schema":{"@context":"https:\/\/schema.org","@graph":[{"@type":"WebSite","@id":"https:\/\/pses.org.pl\/#website","url":"https:\/\/pses.org.pl\/","name":"Polskie Stowarzyszenie Energetyki S\u0142onecznej","description":"Nasz\u0105 misj\u0105 jest edukacja i promocja na rzecz rozwoju fotowoltaiki w Polsce","potentialAction":[{"@type":"SearchAction","target":{"@type":"EntryPoint","urlTemplate":"https:\/\/pses.org.pl\/?s={search_term_string}"},"query-input":"required name=search_term_string"}],"inLanguage":"en-US"},{"@type":"WebPage","@id":"https:\/\/pses.org.pl\/en\/about-us\/#webpage","url":"https:\/\/pses.org.pl\/en\/about-us\/","name":"About us - Polskie Stowarzyszenie Energetyki S\u0142onecznej","isPartOf":{"@id":"https:\/\/pses.org.pl\/#website"},"datePublished":"2021-08-02T07:46:52+00:00","dateModified":"2021-08-06T09:19:18+00:00","breadcrumb":{"@id":"https:\/\/pses.org.pl\/en\/about-us\/#breadcrumb"},"inLanguage":"en-US","potentialAction":[{"@type":"ReadAction","target":["https:\/\/pses.org.pl\/en\/about-us\/"]}]},{"@type":"BreadcrumbList","@id":"https:\/\/pses.org.pl\/en\/about-us\/#breadcrumb","itemListElement":[{"@type":"ListItem","position":1,"name":"Strona g\u0142\u00f3wna","item":"http:\/\/pses.org.pl\/en\/"},{"@type":"ListItem","position":2,"name":"About us"}]}]}},"_links":{"self":[{"href":"https:\/\/pses.org.pl\/en\/wp-json\/wp\/v2\/pages\/175"}],"collection":[{"href":"https:\/\/pses.org.pl\/en\/wp-json\/wp\/v2\/pages"}],"about":[{"href":"https:\/\/pses.org.pl\/en\/wp-json\/wp\/v2\/types\/page"}],"author":[{"embeddable":true,"href":"https:\/\/pses.org.pl\/en\/wp-json\/wp\/v2\/users\/1"}],"replies":[{"embeddable":true,"href":"https:\/\/pses.org.pl\/en\/wp-json\/wp\/v2\/comments?post=175"}],"version-history":[{"count":3,"href":"https:\/\/pses.org.pl\/en\/wp-json\/wp\/v2\/pages\/175\/revisions"}],"predecessor-version":[{"id":353,"href":"https:\/\/pses.org.pl\/en\/wp-json\/wp\/v2\/pages\/175\/revisions\/353"}],"wp:attachment":[{"href":"https:\/\/pses.org.pl\/en\/wp-json\/wp\/v2\/media?parent=175"}],"curies":[{"name":"wp","href":"https:\/\/api.w.org\/{rel}","templated":true}]}}