{"id":414,"date":"2021-08-24T12:26:29","date_gmt":"2021-08-24T10:26:29","guid":{"rendered":"https:\/\/pses.org.pl\/?page_id=414"},"modified":"2021-08-24T13:19:59","modified_gmt":"2021-08-24T11:19:59","slug":"czlonkostwo","status":"publish","type":"page","link":"https:\/\/pses.org.pl\/en\/czlonkostwo\/","title":{"rendered":"Membership"},"content":{"rendered":"<div role=\"form\" class=\"wpcf7\" id=\"wpcf7-f190-o1\" lang=\"pl-PL\" dir=\"ltr\">\n<div class=\"screen-reader-response\"><p role=\"status\" aria-live=\"polite\" aria-atomic=\"true\"><\/p> <ul><\/ul><\/div>\n<form action=\"\/en\/wp-json\/wp\/v2\/pages\/414#wpcf7-f190-o1\" method=\"post\" class=\"wpcf7-form init\" novalidate=\"novalidate\" data-status=\"init\">\n<div style=\"display: none;\">\n<input type=\"hidden\" name=\"_wpcf7\" value=\"190\" \/>\n<input type=\"hidden\" name=\"_wpcf7_version\" value=\"5.4.2\" \/>\n<input type=\"hidden\" name=\"_wpcf7_locale\" value=\"pl_PL\" \/>\n<input type=\"hidden\" name=\"_wpcf7_unit_tag\" value=\"wpcf7-f190-o1\" \/>\n<input type=\"hidden\" name=\"_wpcf7_container_post\" value=\"0\" \/>\n<input type=\"hidden\" name=\"_wpcf7_posted_data_hash\" value=\"\" \/>\n<\/div>\n<p><label> Name and surname<br \/>\n    <span class=\"wpcf7-form-control-wrap your-name\"><input type=\"text\" name=\"your-name\" value=\"\" size=\"40\" class=\"wpcf7-form-control wpcf7-text wpcf7-validates-as-required\" aria-required=\"true\" aria-invalid=\"false\" \/><\/span> <\/label><\/p>\n<p><label> Your e-mail<br \/>\n    <span class=\"wpcf7-form-control-wrap your-email\"><input type=\"email\" name=\"your-email\" value=\"\" size=\"40\" class=\"wpcf7-form-control wpcf7-text wpcf7-email wpcf7-validates-as-required wpcf7-validates-as-email\" aria-required=\"true\" aria-invalid=\"false\" \/><\/span> <\/label><\/p>\n<p><label> Phone number<br \/>\n    <span class=\"wpcf7-form-control-wrap your-phone\"><input type=\"text\" name=\"your-phone\" value=\"\" size=\"40\" class=\"wpcf7-form-control wpcf7-text wpcf7-validates-as-required\" aria-required=\"true\" aria-invalid=\"false\" \/><\/span> <\/label><\/p>\n<p><label> Full name of the reported entity<br \/>\n    <span class=\"wpcf7-form-control-wrap nazwa-podmiotu\"><input type=\"text\" name=\"nazwa-podmiotu\" value=\"\" size=\"40\" class=\"wpcf7-form-control wpcf7-text wpcf7-validates-as-required\" aria-required=\"true\" aria-invalid=\"false\" \/><\/span> <\/label><\/p>\n<p><label> Full address of the reported entity<br \/>\n    <span class=\"wpcf7-form-control-wrap adres-podmiotu\"><input type=\"text\" name=\"adres-podmiotu\" value=\"\" size=\"40\" class=\"wpcf7-form-control wpcf7-text wpcf7-validates-as-required\" aria-required=\"true\" aria-invalid=\"false\" \/><\/span> <\/label><\/p>\n<p><label> VAT (TAX) registration number<br \/>\n    <span class=\"wpcf7-form-control-wrap nip\"><input type=\"text\" name=\"nip\" value=\"\" size=\"40\" class=\"wpcf7-form-control wpcf7-text wpcf7-validates-as-required\" aria-required=\"true\" aria-invalid=\"false\" \/><\/span> <\/label><\/p>\n<p><label> Number of people employed<br \/>\n    <span class=\"wpcf7-form-control-wrap osoby\"><input type=\"text\" name=\"osoby\" value=\"\" size=\"40\" class=\"wpcf7-form-control wpcf7-text wpcf7-validates-as-required\" aria-required=\"true\" aria-invalid=\"false\" \/><\/span> <\/label><\/p>\n<p><label> Any questions? (optional)<br \/>\n    <span class=\"wpcf7-form-control-wrap your-message\"><textarea name=\"your-message\" cols=\"40\" rows=\"10\" class=\"wpcf7-form-control wpcf7-textarea\" aria-invalid=\"false\"><\/textarea><\/span> <\/label><\/p>\n<p><input type=\"submit\" value=\"Send form\" class=\"wpcf7-form-control wpcf7-submit\" \/><\/p>\n<div class=\"wpcf7-response-output\" aria-hidden=\"true\"><\/div><\/form><\/div>\n","protected":false},"excerpt":{"rendered":"","protected":false},"author":1,"featured_media":0,"parent":0,"menu_order":0,"comment_status":"closed","ping_status":"closed","template":"page-czlonkostwo-en.blade.php","meta":[],"yoast_head":"<!-- This site is optimized with the Yoast SEO plugin v17.0 - https:\/\/yoast.com\/wordpress\/plugins\/seo\/ -->\n<title>Membership - Polskie Stowarzyszenie Energetyki S\u0142onecznej<\/title>\n<meta name=\"robots\" content=\"index, follow, max-snippet:-1, max-image-preview:large, max-video-preview:-1\" \/>\n<link rel=\"canonical\" href=\"https:\/\/pses.org.pl\/en\/czlonkostwo\/\" \/>\n<meta property=\"og:locale\" content=\"en_US\" \/>\n<meta property=\"og:type\" content=\"article\" \/>\n<meta property=\"og:title\" content=\"Membership - Polskie Stowarzyszenie Energetyki S\u0142onecznej\" \/>\n<meta property=\"og:url\" content=\"https:\/\/pses.org.pl\/en\/czlonkostwo\/\" \/>\n<meta property=\"og:site_name\" content=\"Polskie Stowarzyszenie Energetyki S\u0142onecznej\" \/>\n<meta property=\"article:modified_time\" content=\"2021-08-24T11:19:59+00:00\" \/>\n<meta name=\"twitter:card\" content=\"summary_large_image\" \/>\n<script type=\"application\/ld+json\" class=\"yoast-schema-graph\">{\"@context\":\"https:\/\/schema.org\",\"@graph\":[{\"@type\":\"WebSite\",\"@id\":\"https:\/\/pses.org.pl\/#website\",\"url\":\"https:\/\/pses.org.pl\/\",\"name\":\"Polskie Stowarzyszenie Energetyki S\\u0142onecznej\",\"description\":\"Nasz\\u0105 misj\\u0105 jest edukacja i promocja na rzecz rozwoju fotowoltaiki w Polsce\",\"potentialAction\":[{\"@type\":\"SearchAction\",\"target\":{\"@type\":\"EntryPoint\",\"urlTemplate\":\"https:\/\/pses.org.pl\/?s={search_term_string}\"},\"query-input\":\"required name=search_term_string\"}],\"inLanguage\":\"en-US\"},{\"@type\":\"WebPage\",\"@id\":\"https:\/\/pses.org.pl\/en\/czlonkostwo\/#webpage\",\"url\":\"https:\/\/pses.org.pl\/en\/czlonkostwo\/\",\"name\":\"Membership - Polskie Stowarzyszenie Energetyki S\\u0142onecznej\",\"isPartOf\":{\"@id\":\"https:\/\/pses.org.pl\/#website\"},\"datePublished\":\"2021-08-24T10:26:29+00:00\",\"dateModified\":\"2021-08-24T11:19:59+00:00\",\"breadcrumb\":{\"@id\":\"https:\/\/pses.org.pl\/en\/czlonkostwo\/#breadcrumb\"},\"inLanguage\":\"en-US\",\"potentialAction\":[{\"@type\":\"ReadAction\",\"target\":[\"https:\/\/pses.org.pl\/en\/czlonkostwo\/\"]}]},{\"@type\":\"BreadcrumbList\",\"@id\":\"https:\/\/pses.org.pl\/en\/czlonkostwo\/#breadcrumb\",\"itemListElement\":[{\"@type\":\"ListItem\",\"position\":1,\"name\":\"Strona g\\u0142\\u00f3wna\",\"item\":\"http:\/\/pses.org.pl\/en\/\"},{\"@type\":\"ListItem\",\"position\":2,\"name\":\"Membership\"}]}]}<\/script>\n<!-- \/ Yoast SEO plugin. -->","yoast_head_json":{"title":"Membership - Polskie Stowarzyszenie Energetyki S\u0142onecznej","robots":{"index":"index","follow":"follow","max-snippet":"max-snippet:-1","max-image-preview":"max-image-preview:large","max-video-preview":"max-video-preview:-1"},"canonical":"https:\/\/pses.org.pl\/en\/czlonkostwo\/","og_locale":"en_US","og_type":"article","og_title":"Membership - Polskie Stowarzyszenie Energetyki S\u0142onecznej","og_url":"https:\/\/pses.org.pl\/en\/czlonkostwo\/","og_site_name":"Polskie Stowarzyszenie Energetyki S\u0142onecznej","article_modified_time":"2021-08-24T11:19:59+00:00","twitter_card":"summary_large_image","schema":{"@context":"https:\/\/schema.org","@graph":[{"@type":"WebSite","@id":"https:\/\/pses.org.pl\/#website","url":"https:\/\/pses.org.pl\/","name":"Polskie Stowarzyszenie Energetyki S\u0142onecznej","description":"Nasz\u0105 misj\u0105 jest edukacja i promocja na rzecz rozwoju fotowoltaiki w Polsce","potentialAction":[{"@type":"SearchAction","target":{"@type":"EntryPoint","urlTemplate":"https:\/\/pses.org.pl\/?s={search_term_string}"},"query-input":"required name=search_term_string"}],"inLanguage":"en-US"},{"@type":"WebPage","@id":"https:\/\/pses.org.pl\/en\/czlonkostwo\/#webpage","url":"https:\/\/pses.org.pl\/en\/czlonkostwo\/","name":"Membership - Polskie Stowarzyszenie Energetyki S\u0142onecznej","isPartOf":{"@id":"https:\/\/pses.org.pl\/#website"},"datePublished":"2021-08-24T10:26:29+00:00","dateModified":"2021-08-24T11:19:59+00:00","breadcrumb":{"@id":"https:\/\/pses.org.pl\/en\/czlonkostwo\/#breadcrumb"},"inLanguage":"en-US","potentialAction":[{"@type":"ReadAction","target":["https:\/\/pses.org.pl\/en\/czlonkostwo\/"]}]},{"@type":"BreadcrumbList","@id":"https:\/\/pses.org.pl\/en\/czlonkostwo\/#breadcrumb","itemListElement":[{"@type":"ListItem","position":1,"name":"Strona g\u0142\u00f3wna","item":"http:\/\/pses.org.pl\/en\/"},{"@type":"ListItem","position":2,"name":"Membership"}]}]}},"_links":{"self":[{"href":"https:\/\/pses.org.pl\/en\/wp-json\/wp\/v2\/pages\/414"}],"collection":[{"href":"https:\/\/pses.org.pl\/en\/wp-json\/wp\/v2\/pages"}],"about":[{"href":"https:\/\/pses.org.pl\/en\/wp-json\/wp\/v2\/types\/page"}],"author":[{"embeddable":true,"href":"https:\/\/pses.org.pl\/en\/wp-json\/wp\/v2\/users\/1"}],"replies":[{"embeddable":true,"href":"https:\/\/pses.org.pl\/en\/wp-json\/wp\/v2\/comments?post=414"}],"version-history":[{"count":3,"href":"https:\/\/pses.org.pl\/en\/wp-json\/wp\/v2\/pages\/414\/revisions"}],"predecessor-version":[{"id":467,"href":"https:\/\/pses.org.pl\/en\/wp-json\/wp\/v2\/pages\/414\/revisions\/467"}],"wp:attachment":[{"href":"https:\/\/pses.org.pl\/en\/wp-json\/wp\/v2\/media?parent=414"}],"curies":[{"name":"wp","href":"https:\/\/api.w.org\/{rel}","templated":true}]}}